{"id":581,"date":"2017-01-10T23:54:05","date_gmt":"2017-01-10T23:54:05","guid":{"rendered":"http:\/\/themenectar.com\/demo\/salient-minimal-portfolio\/?page_id=6"},"modified":"2025-08-21T03:56:07","modified_gmt":"2025-08-21T03:56:07","slug":"home-2","status":"publish","type":"page","link":"https:\/\/lafederacion.mx\/mx\/fr\/","title":{"rendered":"Principal"},"content":{"rendered":"<div id=\"fws_69ed7b2e3f1d7\"  data-column-margin=\"default\" data-midnight=\"dark\"  class=\"wpb_row vc_row-fluid vc_row full-width-content has-row-bg-color vc_row-o-equal-height vc_row-flex vc_row-o-content-top\"  style=\"padding-top: 0px; padding-bottom: 0px; --row-bg-color: #0a0a0a;\"><div class=\"row-bg-wrap\" data-bg-animation=\"none\" data-bg-animation-delay=\"\" data-bg-overlay=\"false\"><div class=\"inner-wrap row-bg-layer\" ><div class=\"row-bg viewport-desktop using-bg-color\"  style=\"background-color: #0a0a0a; \"><\/div><\/div><\/div><div class=\"row_col_wrap_12 col span_12 dark left\">\n\t<div  class=\"vc_col-sm-12 wpb_column column_container vc_column_container col no-extra-padding inherit_tablet inherit_phone\"  data-padding-pos=\"all\" data-has-bg-color=\"false\" data-bg-color=\"\" data-bg-opacity=\"1\" data-animation=\"\" data-delay=\"0\" >\n\t\t<div class=\"vc_column-inner\" >\n\t\t\t<div class=\"wpb_wrapper\">\n\t\t\t\t<div class=\"nectar_fullscreen_zoom_recent_projects\" data-autorotate=\"\" data-slider-text-color=\"light\" data-slider-controls=\"both\" data-overlay-opacity=\"0.4\"><div class=\"project-slides\"><section class=\"project-slide current\"><div class=\"bg-outer-wrap\"><div class=\"bg-outer\"><div class=\"bg-inner-wrap\" style=\"background-color: #000000;\"><div class=\"slide-bg\" style=\"background-image:url(https:\/\/lafederacion.mx\/mx\/wp-content\/uploads\/2019\/09\/COVER_SLIDER_VIVAAEROBUS.jpg)\"><\/div><\/div><\/div><\/div><div class=\"project-info\"><div class=\"container normal-container\"><h1 class=\"project-slide__title\">Viva A\u00e9robus<\/h1>  <a href=\"https:\/\/lafederacion.mx\/mx\/fr\/portfolio\/vivaaerobus\/\">Afficher le projet\u00a0&gt;<\/a><\/div><\/div><\/section><section class=\"project-slide next\"><div class=\"bg-outer-wrap\"><div class=\"bg-outer\"><div class=\"bg-inner-wrap\" style=\"background-color: #000000;\"><div class=\"slide-bg\" style=\"background-image:url(https:\/\/lafederacion.mx\/mx\/wp-content\/uploads\/2019\/09\/COVER_SLIDER_CEMEX.jpg)\"><\/div><\/div><\/div><\/div><div class=\"project-info\"><div class=\"container normal-container\"><h1 class=\"project-slide__title\">Cemex<\/h1>  <a href=\"https:\/\/lafederacion.mx\/mx\/fr\/portfolio\/cemex\/\">Afficher le projet\u00a0&gt;<\/a><\/div><\/div><\/section><section class=\"project-slide next\"><div class=\"bg-outer-wrap\"><div class=\"bg-outer\"><div class=\"bg-inner-wrap\" style=\"background-color: #000000;\"><div class=\"slide-bg\" style=\"background-image:url(https:\/\/lafederacion.mx\/mx\/wp-content\/uploads\/2023\/08\/10-ghiberti-5.jpg)\"><\/div><\/div><\/div><\/div><div class=\"project-info\"><div class=\"container normal-container\"><h1 class=\"project-slide__title\">Ghiberti<\/h1>  <a href=\"https:\/\/lafederacion.mx\/mx\/fr\/portfolio\/ghiberti\/\">Afficher le projet\u00a0&gt;<\/a><\/div><\/div><\/section><section class=\"project-slide next\"><div class=\"bg-outer-wrap\"><div class=\"bg-outer\"><div class=\"bg-inner-wrap\" style=\"background-color: #000000;\"><div class=\"slide-bg\" style=\"background-image:url(https:\/\/lafederacion.mx\/mx\/wp-content\/uploads\/2023\/08\/02-audi-1-1.jpg)\"><\/div><\/div><\/div><\/div><div class=\"project-info\"><div class=\"container normal-container\"><h1 class=\"project-slide__title\">Audi<\/h1>  <a href=\"https:\/\/lafederacion.mx\/mx\/fr\/portfolio\/audi\/\">Afficher le projet\u00a0&gt;<\/a><\/div><\/div><\/section><section class=\"project-slide next\"><div class=\"bg-outer-wrap\"><div class=\"bg-outer\"><div class=\"bg-inner-wrap\" style=\"background-color: #000000;\"><div class=\"slide-bg\" style=\"background-image:url(https:\/\/lafederacion.mx\/mx\/wp-content\/uploads\/2019\/09\/04.-mugerza-scaled.jpg)\"><\/div><\/div><\/div><\/div><div class=\"project-info\"><div class=\"container normal-container\"><h1 class=\"project-slide__title\">Christus Muguerza<\/h1>  <a href=\"https:\/\/lafederacion.mx\/mx\/fr\/portfolio\/muguerza\/\">Afficher le projet\u00a0&gt;<\/a><\/div><\/div><\/section><\/div><div class=\"container normal-container\"><div class=\"zoom-slider-controls\"><a class=\"prev\" href=\"#\"><i class=\"fa fa-angle-left\" aria-hidden=\"true\"><\/i><\/a><a class=\"next\" href=\"#\"><i class=\"fa fa-angle-right\" aria-hidden=\"true\"><\/i><\/a><\/div><\/div><\/div><!--nectar_fullscreen_zoom_recent_projects-->\n\t\t\t<\/div> \n\t\t<\/div>\n\t<\/div> \n<\/div><\/div>\n\t\t<div id=\"fws_69ed7b2e42afd\"  data-column-margin=\"default\" data-midnight=\"dark\" data-top-percent=\"3%\" data-bottom-percent=\"3%\"  class=\"wpb_row vc_row-fluid vc_row full-width-content vc_row-o-equal-height vc_row-flex vc_row-o-content-top  right_padding_15pct left_padding_15pct bottom_padding_tablet_15pct right_padding_tablet_18pct right_padding_phone_8pct left_padding_tablet_18pct left_padding_phone_8pct\"  style=\"padding-top: calc(100vw * 0.03); padding-bottom: calc(100vw * 0.03); \"><div class=\"row-bg-wrap\" data-bg-animation=\"none\" data-bg-animation-delay=\"\" data-bg-overlay=\"false\"><div class=\"inner-wrap row-bg-layer\" ><div class=\"row-bg viewport-desktop\"  style=\"\"><\/div><\/div><\/div><div class=\"row_col_wrap_12 col span_12 dark left\">\n\t<div  class=\"vc_col-sm-12 wpb_column column_container vc_column_container col centered-text no-extra-padding inherit_tablet inherit_phone\"  data-padding-pos=\"all\" data-has-bg-color=\"false\" data-bg-color=\"\" data-bg-opacity=\"1\" data-animation=\"\" data-delay=\"0\" >\n\t\t<div class=\"vc_column-inner\" >\n\t\t\t<div class=\"wpb_wrapper\">\n\t\t\t\t<div class=\"nectar-text-inline-images nectar-link-underline-effect font_size_desktop_3vw font_size_tablet_4vw font_size_phone_5vw nectar-text-inline-images--animation_circle_fade_in font_line_height_1-4\"><div class=\"nectar-text-inline-images__inner\">\n<h2>Nous sommes <a href=\"#\">innovateurs<\/a> <span class=\"nectar-text-inline-images__marker\" data-img-size=\"nectar_small_square\">&nbsp;<img loading=\"lazy\" decoding=\"async\" class=\"nectar-text-inline-images__image\" src=\"https:\/\/lafederacion.mx\/mx\/wp-content\/uploads\/2019\/09\/04_muguerza-top-140x140.jpg\" width=\"140\" height=\"140\" alt=\"\" \/><\/span> changer la fa\u00e7on <a href=\"#\"><strong>commercialisation<\/strong><\/a> est <span class=\"nectar-text-inline-images__marker\" data-img-size=\"nectar_small_square\">&nbsp;<img loading=\"lazy\" decoding=\"async\" class=\"nectar-text-inline-images__image\" src=\"https:\/\/lafederacion.mx\/mx\/wp-content\/uploads\/2023\/08\/01-viva-4-140x140.jpg\" width=\"140\" height=\"140\" alt=\"\" \/><\/span> construit pour les clients en \u00e9laborant des strat\u00e9gies <span class=\"nectar-text-inline-images__marker\" data-img-size=\"nectar_small_square\">&nbsp;<img loading=\"lazy\" decoding=\"async\" class=\"nectar-text-inline-images__image\" src=\"https:\/\/lafederacion.mx\/mx\/wp-content\/uploads\/2023\/08\/03.-cemex-140x140.jpg\" width=\"140\" height=\"140\" alt=\"\" \/><\/span> qui amplifient <span class=\"nectar-text-inline-images__marker\" data-img-size=\"nectar_small_square\">&nbsp;<img loading=\"lazy\" decoding=\"async\" class=\"nectar-text-inline-images__image\" src=\"https:\/\/lafederacion.mx\/mx\/wp-content\/uploads\/2019\/09\/COVER_SLIDER_CEMEX-140x140.jpg\" width=\"140\" height=\"140\" alt=\"\" \/><\/span> attention et stimuler notre <a href=\"#\"><strong>revenus des clients<\/strong><\/a>.<\/h2>\n<\/div><\/div>\n\t\t\t<\/div> \n\t\t<\/div>\n\t<\/div> \n<\/div><\/div>\n\t\t<div id=\"fws_69ed7b2e441a5\"  data-column-margin=\"default\" data-midnight=\"dark\"  class=\"wpb_row vc_row-fluid vc_row full-width-section has-row-bg-color\"  style=\"padding-top: 0px; padding-bottom: 0px; --row-bg-color: #ffffff;\"><div class=\"row-bg-wrap\" data-bg-animation=\"none\" data-bg-animation-delay=\"\" data-bg-overlay=\"false\"><div class=\"inner-wrap row-bg-layer\" ><div class=\"row-bg viewport-desktop using-bg-color\"  style=\"background-color: #ffffff; \"><\/div><\/div><\/div><div class=\"row_col_wrap_12 col span_12 dark left\">\n\t<div  class=\"vc_col-sm-1 wpb_column column_container vc_column_container col no-extra-padding inherit_tablet inherit_phone\"  data-padding-pos=\"all\" data-has-bg-color=\"false\" data-bg-color=\"\" data-bg-opacity=\"1\" data-animation=\"\" data-delay=\"0\" >\n\t\t<div class=\"vc_column-inner\" >\n\t\t\t<div class=\"wpb_wrapper\">\n\t\t\t\t\n\t\t\t<\/div> \n\t\t<\/div>\n\t<\/div> \n\n\t<div  class=\"vc_col-sm-10 wpb_column column_container vc_column_container col no-extra-padding inherit_tablet inherit_phone\"  data-padding-pos=\"all\" data-has-bg-color=\"false\" data-bg-color=\"\" data-bg-opacity=\"1\" data-animation=\"\" data-delay=\"0\" >\n\t\t<div class=\"vc_column-inner\" >\n\t\t\t<div class=\"wpb_wrapper\">\n\t\t\t\t\t\n\t\t\n\t<div class=\"clients no-carousel five-cols\" data-he=\"opacity\" data-additional_padding=\"2\">\n\t\t\t<div class=\"no-link\">\n\t\t<img loading=\"lazy\" decoding=\"async\" src=\"https:\/\/lafederacion.mx\/mx\/wp-content\/uploads\/2023\/09\/CEME_LOGO.png\" alt=\"client\" width=\"500\" height=\"375\" \/>\t<\/div>\n\t<div class=\"no-link\">\n\t\t<img loading=\"lazy\" decoding=\"async\" src=\"https:\/\/lafederacion.mx\/mx\/wp-content\/uploads\/2023\/09\/VIVA_LOGO.png\" alt=\"client\" width=\"500\" height=\"375\" \/>\t<\/div>\n\t<div class=\"no-link\">\n\t\t<img loading=\"lazy\" decoding=\"async\" src=\"https:\/\/lafederacion.mx\/mx\/wp-content\/uploads\/2023\/09\/AUDI_LOGO.png\" alt=\"client\" width=\"500\" height=\"375\" \/>\t<\/div>\n\t<div class=\"no-link\">\n\t\t<img loading=\"lazy\" decoding=\"async\" src=\"https:\/\/lafederacion.mx\/mx\/wp-content\/uploads\/2023\/09\/MARTI_LOGO.png\" alt=\"client\" width=\"500\" height=\"375\" \/>\t<\/div>\n\t<div class=\"no-link\">\n\t\t<img loading=\"lazy\" decoding=\"async\" src=\"https:\/\/lafederacion.mx\/mx\/wp-content\/uploads\/2023\/09\/THERMO_LOGO.png\" alt=\"client\" width=\"500\" height=\"375\" \/>\t<\/div>\n\t<div class=\"no-link\">\n\t\t<img loading=\"lazy\" decoding=\"async\" src=\"https:\/\/lafederacion.mx\/mx\/wp-content\/uploads\/2023\/09\/MONT_LOGO.png\" alt=\"client\" width=\"500\" height=\"375\" \/>\t<\/div>\n\t<div class=\"no-link\">\n\t\t<img loading=\"lazy\" decoding=\"async\" src=\"https:\/\/lafederacion.mx\/mx\/wp-content\/uploads\/2023\/09\/GHIB_LOGO.png\" alt=\"client\" width=\"500\" height=\"375\" \/>\t<\/div>\n\t<div class=\"no-link\">\n\t\t<img loading=\"lazy\" decoding=\"async\" src=\"https:\/\/lafederacion.mx\/mx\/wp-content\/uploads\/2023\/09\/TODO_LOGO.png\" alt=\"client\" width=\"500\" height=\"375\" \/>\t<\/div>\n\t<div class=\"no-link\">\n\t\t<img loading=\"lazy\" decoding=\"async\" src=\"https:\/\/lafederacion.mx\/mx\/wp-content\/uploads\/2023\/09\/ORI_LOGO.png\" alt=\"client\" width=\"500\" height=\"375\" \/>\t<\/div>\n\t<div class=\"no-link\">\n\t\t<img loading=\"lazy\" decoding=\"async\" src=\"https:\/\/lafederacion.mx\/mx\/wp-content\/uploads\/2023\/09\/LA_MEJI_LOGO.png\" alt=\"client\" width=\"500\" height=\"375\" \/>\t<\/div>\n\t<div class=\"no-link\">\n\t\t<img loading=\"lazy\" decoding=\"async\" src=\"https:\/\/lafederacion.mx\/mx\/wp-content\/uploads\/2023\/09\/MITC_LOGO.png\" alt=\"client\" width=\"500\" height=\"375\" \/>\t<\/div>\n\t<div class=\"no-link\">\n\t\t<img loading=\"lazy\" decoding=\"async\" src=\"https:\/\/lafederacion.mx\/mx\/wp-content\/uploads\/2023\/09\/BAO_LOGO.png\" alt=\"client\" width=\"500\" height=\"375\" \/>\t<\/div>\n\t<div class=\"no-link\">\n\t\t<img loading=\"lazy\" decoding=\"async\" src=\"https:\/\/lafederacion.mx\/mx\/wp-content\/uploads\/2023\/09\/PANYO_LOGO.png\" alt=\"client\" width=\"500\" height=\"375\" \/>\t<\/div>\n\t<\/div>\n\t\n\n\t\t\t<\/div> \n\t\t<\/div>\n\t<\/div> \n\n\t<div  class=\"vc_col-sm-1 wpb_column column_container vc_column_container col no-extra-padding inherit_tablet inherit_phone\"  data-padding-pos=\"all\" data-has-bg-color=\"false\" data-bg-color=\"\" data-bg-opacity=\"1\" data-animation=\"\" data-delay=\"0\" >\n\t\t<div class=\"vc_column-inner\" >\n\t\t\t<div class=\"wpb_wrapper\">\n\t\t\t\t\n\t\t\t<\/div> \n\t\t<\/div>\n\t<\/div> \n<\/div><\/div>\n\t\t<div id=\"fws_69ed7b2e47dd4\"  data-column-margin=\"20px\" data-midnight=\"dark\" data-top-percent=\"10%\" data-bottom-percent=\"10%\"  class=\"wpb_row vc_row-fluid vc_row full-width-section has-row-bg-color  right_padding_10pct left_padding_10pct\"  style=\"padding-top: calc(100vw * 0.10); padding-bottom: calc(100vw * 0.10); --row-bg-color: #000000;\"><div class=\"row-bg-wrap\" data-bg-animation=\"none\" data-bg-animation-delay=\"\" data-bg-overlay=\"false\"><div class=\"inner-wrap row-bg-layer\" ><div class=\"row-bg viewport-desktop using-bg-color\"  style=\"background-color: #000000; \"><\/div><\/div><\/div><div class=\"nectar-shape-divider-wrap\" style=\" height:60px;\"  data-height=\"60px\" data-front=\"\" data-style=\"mountains\" data-position=\"bottom\" ><svg class=\"nectar-shape-divider\" fill=\"#e4d3a8\" xmlns=\"http:\/\/www.w3.org\/2000\/svg\" viewbox=\"0 0 1000 300\" preserveaspectratio=\"none\">\n          <path d=\"M 1014 264 v 122 h -808 l -172 -86 s 310.42 -22.84 402 -79 c 106 -65 154 -61 268 -12 c 107 46 195.11 5.94 275 137 z\"><\/path>   <path d=\"M -302 55 s 235.27 208.25 352 159 c 128 -54 233 -98 303 -73 c 92.68 33.1 181.28 115.19 235 108 c 104.9 -14 176.52 -173.06 267 -118 c 85.61 52.09 145 123 145 123 v 74 l -1306 10 z\"><\/path>\n          <path d=\"M -286 255 s 214 -103 338 -129 s 203 29 384 101 c 145.57 57.91 178.7 50.79 272 0 c 79 -43 301 -224 385 -63 c 53 101.63 -62 129 -62 129 l -107 84 l -1212 12 z\"><\/path>\n          <path d=\"M -24 69 s 299.68 301.66 413 245 c 8 -4 233 2 284 42 c 17.47 13.7 172 -132 217 -174 c 54.8 -51.15 128 -90 188 -39 c 76.12 64.7 118 99 118 99 l -12 132 l -1212 12 z\"><\/path>\n          <path d=\"M -12 201 s 70 83 194 57 s 160.29 -36.77 274 6 c 109 41 184.82 24.36 265 -15 c 55 -27 116.5 -57.69 214 4 c 49 31 95 26 95 26 l -6 151 l -1036 10 z\"><\/path> <\/svg><\/div><div class=\"row_col_wrap_12 col span_12 dark left\">\n\t<div  class=\"vc_col-sm-12 wpb_column column_container vc_column_container col padding-5-percent inherit_tablet inherit_phone\"  data-padding-pos=\"bottom\" data-has-bg-color=\"false\" data-bg-color=\"\" data-bg-opacity=\"1\" data-animation=\"\" data-delay=\"0\" >\n\t\t<div class=\"vc_column-inner\" >\n\t\t\t<div class=\"wpb_wrapper\">\n\t\t\t\t<div class=\"nectar-split-heading  custom-trigger scroll-timeline\" data-align=\"center\" data-m-align=\"center\" data-text-effect=\"scroll-opacity-reveal\" data-animation-type=\"line-reveal-by-space\" data-animation-delay=\"0\" data-animation-offset=\"\" data-m-rm-animation=\"\" data-stagger=\"\" data-custom-font-size=\"false\" ><h1 style=\" color: #e1d4ad;\">We give your brand Marketing + Technology superpowers.<\/h1><\/div>\n\t\t\t<\/div> \n\t\t<\/div>\n\t<\/div> \n<\/div><\/div>\n\t\t<div id=\"fws_69ed7b2e482cc\"  data-column-margin=\"50px\" data-midnight=\"dark\" data-top-percent=\"8%\" data-bottom-percent=\"8%\"  class=\"wpb_row vc_row-fluid vc_row full-width-section has-row-bg-color\"  style=\"padding-top: calc(100vw * 0.08); padding-bottom: calc(100vw * 0.08); --row-bg-color: #000000;\"><div class=\"row-bg-wrap\" data-bg-animation=\"none\" data-bg-animation-delay=\"\" data-bg-overlay=\"false\"><div class=\"inner-wrap row-bg-layer\" ><div class=\"row-bg viewport-desktop using-bg-color\"  style=\"background-color: #000000; \"><\/div><\/div><\/div><div class=\"row_col_wrap_12 col span_12 dark left\">\n\t<div  class=\"vc_col-sm-6 wpb_column column_container vc_column_container col padding-5-percent inherit_tablet inherit_phone\"  data-padding-pos=\"bottom\" data-has-bg-color=\"false\" data-bg-color=\"\" data-bg-opacity=\"1\" data-animation=\"\" data-delay=\"0\" >\n\t\t<div class=\"vc_column-inner\" >\n\t\t\t<div class=\"wpb_wrapper\">\n\t\t\t\t<div class=\"nectar-split-heading\" data-align=\"default\" data-m-align=\"inherit\" data-text-effect=\"default\" data-animation-type=\"line-reveal-by-space\" data-animation-delay=\"0\" data-animation-offset=\"\" data-m-rm-animation=\"\" data-stagger=\"\" data-custom-font-size=\"false\" ><h3 style=\" color: #e1d4ad;\">La Federaci\u00f3n est un collectif de design et de marketing avant-gardiste, explorant toujours de nouveaux territoires en mati\u00e8re de cr\u00e9ativit\u00e9. Fi\u00e8rement bas\u00e9 \u00e0 Monterrey, au Mexique.<\/h3><\/div>\n\t\t\t<\/div> \n\t\t<\/div>\n\t<\/div> \n\n\t<div  class=\"vc_col-sm-6 wpb_column column_container vc_column_container col no-extra-padding inherit_tablet inherit_phone\"  data-padding-pos=\"all\" data-has-bg-color=\"false\" data-bg-color=\"\" data-bg-opacity=\"1\" data-animation=\"\" data-delay=\"0\" >\n\t\t<div class=\"vc_column-inner\" >\n\t\t\t<div class=\"wpb_wrapper\">\n\t\t\t\t<div id=\"fws_69ed7b2e489a5\" data-midnight=\"\" data-column-margin=\"default\" class=\"wpb_row vc_row-fluid vc_row inner_row\"  style=\"\"><div class=\"row-bg-wrap\"> <div class=\"row-bg\" ><\/div> <\/div><div class=\"row_col_wrap_12_inner col span_12  left\">\n\t<div  class=\"vc_col-sm-6 wpb_column column_container vc_column_container col child_column has-animation no-extra-padding inherit_tablet inherit_phone\"    data-t-w-inherits=\"small_desktop\" data-padding-pos=\"all\" data-has-bg-color=\"false\" data-bg-color=\"\" data-bg-opacity=\"1\" data-animation=\"fade-in-from-bottom\" data-delay=\"100\" >\n\t\t<div class=\"vc_column-inner\" >\n\t\t<div class=\"wpb_wrapper\">\n\t\t\t\n<div class=\"wpb_text_column wpb_content_element  vc_custom_1694910285092\" >\n\t<h4><span style=\"color: #e1d4ad;\">Vous avez un projet ? Parlons<\/span><\/h4>\n<\/div>\n\n\n\n\n<div class=\"wpb_text_column wpb_content_element\" >\n\t<h4><span style=\"color: #e1d4ad;\">Contactez-nous<\/span><br \/>\n<span style=\"color: #e1d4ad;\"><a style=\"color: #e1d4ad;\" href=\"mailto:admin@lafederacion.mx\">admin@lafederacion.mx<\/a><\/span><\/h4>\n<h4><span style=\"color: #e1d4ad;\">Monterrey<\/span><br \/>\n<span style=\"color: #e1d4ad;\"><a style=\"color: #e1d4ad;\" href=\"tel:+528181897957\">+52 81 8189 7957<\/a><\/span><\/h4>\n<\/div>\n\n\n\n<div class=\"nectar-cta  alignment_tablet_default alignment_phone_default display_tablet_inherit display_phone_inherit\" data-color=\"default\" data-using-bg=\"false\" data-style=\"arrow-animation\" data-display=\"block\" data-alignment=\"left\" data-text-color=\"custom\" style=\"margin-top: 10px; margin-bottom: 30px;  --nectar-text-color: #e1d4ad; --nectar-button-color: var(--nectar-default); --nectar-icon-gap: 10px; \"><h5 style=\"color: #e1d4ad;\"><span class=\"link_wrap\" ><a  class=\"link_text\" role=\"button\" href=\"https:\/\/lafederacion.mx\/mx\/fr\/contact\/\"><span class=\"text\">Vous avez un projet ? Parlons<\/span><svg class=\"next-arrow\" aria-hidden=\"true\" width=\"20px\" height=\"25px\" viewbox=\"0 0 50 80\" xml:space=\"preserve\">\n  <polyline stroke=\"#ffffff\" stroke-width=\"9\" fill=\"none\" stroke-linecap=\"round\" stroke-linejoin=\"round\" points=\"0, 0 45, 40 0, 80\"\/>\n  <\/svg>  <span aria-hidden=\"true\" class=\"line\"  style=\"background-color: #e1d4ad;\"><\/span> <\/a><\/span><\/h5><\/div>\n\t\t<\/div> \n\t<\/div>\n\t<\/div> \n\n\t<div  class=\"vc_col-sm-6 wpb_column column_container vc_column_container col child_column has-animation no-extra-padding inherit_tablet inherit_phone\"    data-t-w-inherits=\"small_desktop\" data-padding-pos=\"all\" data-has-bg-color=\"false\" data-bg-color=\"\" data-bg-opacity=\"1\" data-animation=\"fade-in-from-bottom\" data-delay=\"200\" >\n\t\t<div class=\"vc_column-inner\" >\n\t\t<div class=\"wpb_wrapper\">\n\t\t\t\n<div class=\"wpb_text_column wpb_content_element  vc_custom_1694910320117\" >\n\t<h4>Suivez-nous<\/h4>\n<\/div>\n\n\n\n\n<div class=\"wpb_text_column wpb_content_element\" >\n\t<h2><span style=\"color: #e1d4ad;\"><a style=\"color: #e1d4ad;\" href=\"https:\/\/www.instagram.com\/lafederacionmx\/\">INSTAGRAM<\/a><\/span><br \/>\n<span style=\"color: #e1d4ad;\"><a style=\"color: #e1d4ad;\" href=\"https:\/\/vimeo.com\/lafederacionmx\">VIM\u00c9O<\/a><\/span><br \/>\n<span style=\"color: #e1d4ad;\"><a style=\"color: #e1d4ad;\" href=\"https:\/\/www.linkedin.com\/company\/lafederacion\">LINK\u00c9DIN<\/a><\/span><\/h2>\n<\/div>\n\n\n\n<div class=\"nectar-cta  alignment_tablet_default alignment_phone_default display_tablet_inherit display_phone_inherit\" data-color=\"default\" data-using-bg=\"false\" data-style=\"arrow-animation\" data-display=\"block\" data-alignment=\"left\" data-text-color=\"custom\" style=\"margin-top: 10px; margin-bottom: 30px;  --nectar-text-color: #e1d4ad; --nectar-button-color: var(--nectar-default); --nectar-icon-gap: 10px; \"><h5 style=\"color: #e1d4ad;\"><span class=\"link_wrap\" ><a  class=\"link_text\" role=\"button\" href=\"https:\/\/lafederacion.mx\/mx\/fr\/contact\/\"><span class=\"text\">Vous avez un projet ? Parlons<\/span><svg class=\"next-arrow\" aria-hidden=\"true\" width=\"20px\" height=\"25px\" viewbox=\"0 0 50 80\" xml:space=\"preserve\">\n  <polyline stroke=\"#ffffff\" stroke-width=\"9\" fill=\"none\" stroke-linecap=\"round\" stroke-linejoin=\"round\" points=\"0, 0 45, 40 0, 80\"\/>\n  <\/svg>  <span aria-hidden=\"true\" class=\"line\"  style=\"background-color: #e1d4ad;\"><\/span> <\/a><\/span><\/h5><\/div>\n\t\t<\/div> \n\t<\/div>\n\t<\/div> \n<\/div><\/div>\n\t\t\t<\/div> \n\t\t<\/div>\n\t<\/div> \n<\/div><\/div>\n\t\t<div id=\"fws_69ed7b2e49a4c\"  data-column-margin=\"default\" data-midnight=\"dark\"  class=\"wpb_row vc_row-fluid vc_row full-width-section has-row-bg-color\"  style=\"padding-top: 0px; padding-bottom: 0px; --row-bg-color: #ffffff;\"><div class=\"row-bg-wrap\" data-bg-animation=\"none\" data-bg-animation-delay=\"\" data-bg-overlay=\"false\"><div class=\"inner-wrap row-bg-layer\" ><div class=\"row-bg viewport-desktop using-bg-color\"  style=\"background-color: #ffffff; \"><\/div><\/div><\/div><div class=\"row_col_wrap_12 col span_12 dark left\">\n\t<div  class=\"vc_col-sm-1 wpb_column column_container vc_column_container col no-extra-padding inherit_tablet inherit_phone\"  data-padding-pos=\"all\" data-has-bg-color=\"false\" data-bg-color=\"\" data-bg-opacity=\"1\" data-animation=\"\" data-delay=\"0\" >\n\t\t<div class=\"vc_column-inner\" >\n\t\t\t<div class=\"wpb_wrapper\">\n\t\t\t\t\n\t\t\t<\/div> \n\t\t<\/div>\n\t<\/div> \n\n\t<div  class=\"vc_col-sm-10 wpb_column column_container vc_column_container col no-extra-padding inherit_tablet inherit_phone\"  data-padding-pos=\"all\" data-has-bg-color=\"false\" data-bg-color=\"\" data-bg-opacity=\"1\" data-animation=\"\" data-delay=\"0\" >\n\t\t<div class=\"vc_column-inner\" >\n\t\t\t<div class=\"wpb_wrapper\">\n\t\t\t\t\t\n\t\t\n\t<div class=\"clients no-carousel six-cols\" data-he=\"opacity\" data-additional_padding=\"2\">\n\t\t\t<div><a href=\"https:\/\/www.google.com\/partners\/agency?id=1309776494\" target=\"_blank\">\n\t\t<img loading=\"lazy\" decoding=\"async\" src=\"https:\/\/lafederacion.mx\/mx\/wp-content\/uploads\/2024\/07\/logo_partner_2.png\" alt=\"client\" width=\"299\" height=\"286\" \/>\t<\/a><\/div>\n\t<div class=\"no-link\">\n\t\t<img loading=\"lazy\" decoding=\"async\" src=\"https:\/\/lafederacion.mx\/mx\/wp-content\/uploads\/2024\/06\/LogoeconomiaNL.png\" alt=\"client\" width=\"400\" height=\"198\" \/>\t<\/div>\n\t<div class=\"no-link\">\n\t\t<img loading=\"lazy\" decoding=\"async\" src=\"https:\/\/lafederacion.mx\/mx\/wp-content\/uploads\/2024\/06\/logo_capim.png\" alt=\"client\" width=\"500\" height=\"217\" \/>\t<\/div>\n\t<div class=\"no-link\">\n\t\t<img loading=\"lazy\" decoding=\"async\" src=\"https:\/\/lafederacion.mx\/mx\/wp-content\/uploads\/2024\/07\/clelac_mx_2.png\" alt=\"client\" width=\"624\" height=\"143\" \/>\t<\/div>\n\t<div class=\"no-link\">\n\t\t<img loading=\"lazy\" decoding=\"async\" src=\"https:\/\/lafederacion.mx\/mx\/wp-content\/uploads\/2024\/06\/logo-asem.png\" alt=\"client\" width=\"714\" height=\"177\" \/>\t<\/div>\n\t<div class=\"no-link\">\n\t\t<img loading=\"lazy\" decoding=\"async\" src=\"https:\/\/lafederacion.mx\/mx\/wp-content\/uploads\/2025\/08\/hecho_nuevo_leon.png\" alt=\"client\" width=\"1108\" height=\"479\" \/>\t<\/div>\n\t<\/div>\n\t\n\n\t\t\t<\/div> \n\t\t<\/div>\n\t<\/div> \n\n\t<div  class=\"vc_col-sm-1 wpb_column column_container vc_column_container col no-extra-padding inherit_tablet inherit_phone\"  data-padding-pos=\"all\" data-has-bg-color=\"false\" data-bg-color=\"\" data-bg-opacity=\"1\" data-animation=\"\" data-delay=\"0\" >\n\t\t<div class=\"vc_column-inner\" >\n\t\t\t<div class=\"wpb_wrapper\">\n\t\t\t\t\n\t\t\t<\/div> \n\t\t<\/div>\n\t<\/div> \n<\/div><\/div>","protected":false},"excerpt":{"rendered":"","protected":false},"author":2,"featured_media":0,"parent":0,"menu_order":0,"comment_status":"closed","ping_status":"closed","template":"template-no-footer.php","meta":{"footnotes":""},"class_list":["post-581","page","type-page","status-publish"],"_links":{"self":[{"href":"https:\/\/lafederacion.mx\/mx\/fr\/wp-json\/wp\/v2\/pages\/581","targetHints":{"allow":["GET"]}}],"collection":[{"href":"https:\/\/lafederacion.mx\/mx\/fr\/wp-json\/wp\/v2\/pages"}],"about":[{"href":"https:\/\/lafederacion.mx\/mx\/fr\/wp-json\/wp\/v2\/types\/page"}],"author":[{"embeddable":true,"href":"https:\/\/lafederacion.mx\/mx\/fr\/wp-json\/wp\/v2\/users\/2"}],"replies":[{"embeddable":true,"href":"https:\/\/lafederacion.mx\/mx\/fr\/wp-json\/wp\/v2\/comments?post=581"}],"version-history":[{"count":67,"href":"https:\/\/lafederacion.mx\/mx\/fr\/wp-json\/wp\/v2\/pages\/581\/revisions"}],"predecessor-version":[{"id":1368,"href":"https:\/\/lafederacion.mx\/mx\/fr\/wp-json\/wp\/v2\/pages\/581\/revisions\/1368"}],"wp:attachment":[{"href":"https:\/\/lafederacion.mx\/mx\/fr\/wp-json\/wp\/v2\/media?parent=581"}],"curies":[{"name":"wp","href":"https:\/\/api.w.org\/{rel}","templated":true}]}}